{"id":20128,"date":"2021-01-06T08:17:39","date_gmt":"2021-01-06T08:17:39","guid":{"rendered":"https:\/\/gamestore.net\/o-nas\/"},"modified":"2025-08-08T21:34:44","modified_gmt":"2025-08-08T20:34:44","slug":"o-nas","status":"publish","type":"page","link":"https:\/\/gamestore.net\/pl\/o-nas\/","title":{"rendered":"O nas"},"content":{"rendered":"<div class=\"wpb-content-wrapper\"><p>[vc_row full_width=\"stretch_row_content_no_spaces\" content_placement=\"middle\" css_animation=\"fadeIn\" background_position=\"center\" et_uniqid=\"et_custom_uniqid_5ff5724499759\u2033 _et_uniqid=\"et_custom_uniqid_new_6845979d2a100\u2033 css=\".vc_custom_1749391650828{background-image: url(https:\/\/gamestore.net\/wp-content\/uploads\/2025\/06\/About-us.jpg?id=5543) !important;background-position: center !important;background-repeat: no-repeat !important;background-size: cover !important;}\"][vc_column et_uniqid=\"et_custom_uniqid_5ff572c8955c2\u2033 css=\".vc_custom_1610009306392{padding-top: 165px !important;padding-bottom: 165px !important;}\" _et_uniqid=\"et_custom_uniqid_new_5ff6cacf6a039\u2033 css_md=\".vc_custom_1610009306393{padding-top: 130px !important;padding-bottom: 130px !important;}\" css_sm=\".vc_custom_1610009306394{padding-top: 130px !important;padding-bottom: 130px !important;}\" css_xs=\".vc_custom_1610009306396{padding-top: 40px !important;padding-right: 30px !important;padding-bottom: 40px !important;padding-left: 30px !important;}\"][\/vc_column][\/vc_row][vc_row css_animation=\"fadeIn\" et_uniqid=\"et_custom_uniqid_5ff57afa4c336\u2033 css=\".vc_custom_1749411743918{margin-top: 75px !important;margin-right: 0px !important;margin-bottom: 35px !important;margin-left: 0px !important;border-top-width: 2px !important;border-right-width: 2px !important;border-bottom-width: 2px !important;border-left-width: 2px !important;padding-top: 30px !important;padding-right: 30px !important;padding-bottom: 30px !important;padding-left: 30px !important;border-left-color: #692878 !important;border-left-style: solid !important;border-right-color: #692878 !important;border-right-style: solid !important;border-top-color: #692878 !important;border-top-style: solid !important;border-bottom-color: #692878 !important;border-bottom-style: solid !important;}\" _et_uniqid=\"et_custom_uniqid_new_6845e78914c4a\" css_xs=\".vc_custom_1749411743919{margin-top: 50px !important;margin-bottom: 20px !important;border-top-width: 2px !important;border-right-width: 2px !important;border-bottom-width: 2px !important;border-left-width: 2px !important;padding-top: 30px !important;padding-right: 30px !important;padding-bottom: 30px !important;padding-left: 30px !important;border-left-color: #ebebeb !important;border-left-style: solid !important;border-right-color: #ebebeb !important;border-right-style: solid !important;border-top-color: #ebebeb !important;border-top-style: solid !important;border-bottom-color: #ebebeb !important;border-bottom-style: solid !important;}\"][vc_column width=\"1\/2\u2033 et_uniqid=\"et_custom_uniqid_5ff58e4050eab\" css=\".vc_custom_1610009024820{padding-top: 0px !important;}\" _et_uniqid=\"et_custom_uniqid_new_5ff6c9b5e062b\" offset=\"vc_col-lg-3\u2033 css_md=\".vc_custom_1610009024821{margin-bottom: 30px !important;}\" css_sm=\".vc_custom_1610009024822{margin-bottom: 30px !important;}\"]        <link rel=\"stylesheet\" href=\"https:\/\/gamestore.net\/wp-content\/themes\/xstore\/css\/modules\/builders\/icon-boxes.min.css\" type=\"text\/css\" media=\"all\" \/> \t\t\n\t\t<div\n                class=\"ibox-block  box-4762 icon-left align-start vc_custom_1749411500993 table\"\n                        >\n\t\t\t\t\t\t\t<div class=\"ibox-symbol\">\n\t\t\t\t\t<i class=\"icon-image\"><img decoding=\"async\" width=\"50\" height=\"50\" src=\"https:\/\/gamestore.net\/wp-content\/uploads\/xstore\/xstore-placeholder.png\" data-src=\"https:\/\/gamestore.net\/wp-content\/uploads\/2025\/06\/fast-delivery-1.png\" class=\" lazyload lazyload-simple et-lazyload-fadeIn\" alt=\"fast-delivery\" src=\"https:\/\/gamestore.net\/wp-content\/uploads\/xstore\/xstore-placeholder.png\" data-srcset=\"https:\/\/gamestore.net\/wp-content\/uploads\/2025\/06\/fast-delivery-1.png 50w, https:\/\/gamestore.net\/wp-content\/uploads\/2025\/06\/fast-delivery-1-10x10.png 10w\" data-sizes=\"(max-width: 50px) 100vw, 50px\" \/><\/i>\t\t\t\t<\/div>\n\t\t\t\n\t\t\t<div class=\"ibox-content\">\n\t\t\t\t<h3 class=\"text-capitalize\">Szybka dostawa<\/h3>\n\t\t\t\t\t\t\t\t\t<div class=\"ibox-text\">\n\t\t\t\t\t\tZakupione gry zostan\u0105 wys\u0142ane e-mailem w ci\u0105gu maksymalnie 60 minut.\t\t\t\t\t<\/div>\n\t\t\t\t\n\t\t\t\t\t\t\t<\/div>\n\n\t\t\t\n\t\t<\/div>\n\n\t\t[\/vc_column][vc_column width=\"1\/2\u2033 et_uniqid=\"et_custom_uniqid_5ff58e5a72286\u2033 css=\".vc_custom_1610009130901{padding-top: 0px !important;}\" _et_uniqid=\"et_custom_uniqid_new_5ff6ca2287c4d\" offset=\"vc_col-lg-3\u2033 css_md=\".vc_custom_1610009130902{margin-bottom: 30px !important;}\" css_sm=\".vc_custom_1610009130904{margin-bottom: 30px !important;}\"]        <link rel=\"stylesheet\" href=\"https:\/\/gamestore.net\/wp-content\/themes\/xstore\/css\/modules\/builders\/icon-boxes.min.css\" type=\"text\/css\" media=\"all\" \/> \t\t\n\t\t<div\n                class=\"ibox-block  box-8089 icon-left align-start vc_custom_1749411567455 table\"\n                        >\n\t\t\t\t\t\t\t<div class=\"ibox-symbol\">\n\t\t\t\t\t<i class=\"icon-image\"><img decoding=\"async\" width=\"50\" height=\"50\" src=\"https:\/\/gamestore.net\/wp-content\/uploads\/xstore\/xstore-placeholder.png\" data-src=\"https:\/\/gamestore.net\/wp-content\/uploads\/2025\/06\/discount-1.png\" class=\" lazyload lazyload-simple et-lazyload-fadeIn\" alt=\"discount\" src=\"https:\/\/gamestore.net\/wp-content\/uploads\/xstore\/xstore-placeholder.png\" data-srcset=\"https:\/\/gamestore.net\/wp-content\/uploads\/2025\/06\/discount-1.png 50w, https:\/\/gamestore.net\/wp-content\/uploads\/2025\/06\/discount-1-10x10.png 10w\" data-sizes=\"(max-width: 50px) 100vw, 50px\" \/><\/i>\t\t\t\t<\/div>\n\t\t\t\n\t\t\t<div class=\"ibox-content\">\n\t\t\t\t<h3 class=\"text-capitalize\">Gry z rabatem<\/h3>\n\t\t\t\t\t\t\t\t\t<div class=\"ibox-text\">\n\t\t\t\t\t\tNa GameStore.Net czekaj\u0105 na Ciebie ogromne rabaty na wiele gier.\t\t\t\t\t<\/div>\n\t\t\t\t\n\t\t\t\t\t\t\t<\/div>\n\n\t\t\t\n\t\t<\/div>\n\n\t\t[\/vc_column][vc_column width=\"1\/2\u2033 et_uniqid=\"et_custom_uniqid_5ff58e608ea7e\" css=\".vc_custom_1610009401170{padding-top: 0px !important;}\" _et_uniqid=\"et_custom_uniqid_new_5ff6cb30a9db7\u2033 offset=\"vc_col-lg-3\u2033 css_xs=\".vc_custom_1610009401173{margin-bottom: 30px !important;padding-top: 0px !important;}\"]        <link rel=\"stylesheet\" href=\"https:\/\/gamestore.net\/wp-content\/themes\/xstore\/css\/modules\/builders\/icon-boxes.min.css\" type=\"text\/css\" media=\"all\" \/> \t\t\n\t\t<div\n                class=\"ibox-block  box-4678 icon-left align-start vc_custom_1749411621684 table\"\n                        >\n\t\t\t\t\t\t\t<div class=\"ibox-symbol\">\n\t\t\t\t\t<i class=\"icon-image\"><img decoding=\"async\" width=\"50\" height=\"50\" src=\"https:\/\/gamestore.net\/wp-content\/uploads\/xstore\/xstore-placeholder.png\" data-src=\"https:\/\/gamestore.net\/wp-content\/uploads\/2025\/06\/best-price-1.png\" class=\" lazyload lazyload-simple et-lazyload-fadeIn\" alt=\"\" src=\"https:\/\/gamestore.net\/wp-content\/uploads\/xstore\/xstore-placeholder.png\" data-srcset=\"https:\/\/gamestore.net\/wp-content\/uploads\/2025\/06\/best-price-1.png 50w, https:\/\/gamestore.net\/wp-content\/uploads\/2025\/06\/best-price-1-10x10.png 10w\" data-sizes=\"(max-width: 50px) 100vw, 50px\" \/><\/i>\t\t\t\t<\/div>\n\t\t\t\n\t\t\t<div class=\"ibox-content\">\n\t\t\t\t<h3 class=\"text-capitalize\">Najlepsza cena w historii<\/h3>\n\t\t\t\t\t\t\t\t\t<div class=\"ibox-text\">\n\t\t\t\t\t\tNajlepsze ceny na rynku gier znajdziesz na GameStore.Net.\t\t\t\t\t<\/div>\n\t\t\t\t\n\t\t\t\t\t\t\t<\/div>\n\n\t\t\t\n\t\t<\/div>\n\n\t\t[\/vc_column][vc_column width=\"1\/2\u2033 et_uniqid=\"et_custom_uniqid_5ff58e6658efe\" css=\".vc_custom_1610009419208{padding-top: 0px !important;}\" _et_uniqid=\"et_custom_uniqid_new_5ff6cb3b4e74e\" offset=\"vc_col-lg-3\u2033]        <link rel=\"stylesheet\" href=\"https:\/\/gamestore.net\/wp-content\/themes\/xstore\/css\/modules\/builders\/icon-boxes.min.css\" type=\"text\/css\" media=\"all\" \/> \t\t\n\t\t<div\n                class=\"ibox-block  box-7160 icon-left align-start vc_custom_1749411685963 table\"\n                        >\n\t\t\t\t\t\t\t<div class=\"ibox-symbol\">\n\t\t\t\t\t<i class=\"icon-image\"><img decoding=\"async\" width=\"50\" height=\"50\" src=\"https:\/\/gamestore.net\/wp-content\/uploads\/xstore\/xstore-placeholder.png\" data-src=\"https:\/\/gamestore.net\/wp-content\/uploads\/2025\/06\/support-1.png\" class=\" lazyload lazyload-simple et-lazyload-fadeIn\" alt=\"support\" src=\"https:\/\/gamestore.net\/wp-content\/uploads\/xstore\/xstore-placeholder.png\" data-srcset=\"https:\/\/gamestore.net\/wp-content\/uploads\/2025\/06\/support-1.png 50w, https:\/\/gamestore.net\/wp-content\/uploads\/2025\/06\/support-1-10x10.png 10w\" data-sizes=\"(max-width: 50px) 100vw, 50px\" \/><\/i>\t\t\t\t<\/div>\n\t\t\t\n\t\t\t<div class=\"ibox-content\">\n\t\t\t\t<h3 class=\"text-capitalize\">Najlepszy zesp\u00f3\u0142 wsparcia<\/h3>\n\t\t\t\t\t\t\t\t\t<div class=\"ibox-text\">\n\t\t\t\t\t\tNasz zesp\u00f3\u0142 wsparcia jest do Twojej dyspozycji 24\/7 przed i po zakupie.\t\t\t\t\t<\/div>\n\t\t\t\t\n\t\t\t\t\t\t\t<\/div>\n\n\t\t\t\n\t\t<\/div>\n\n\t\t[\/vc_column][\/vc_row][vc_row][vc_column css_animation=\"fadeInLeft\" width=\"1\/3\u2033 et_uniqid=\"et_custom_uniqid_600076a90c07f\" _et_uniqid=\"et_custom_uniqid_new_600076a9223c2\u2033][vc_single_image image=\"5544\u2033 img_size=\"full\" alignment=\"center\" css=\".vc_custom_1749391750491{margin-bottom: 0px !important;}\"][vc_row_inner et_uniqid=\"et_custom_uniqid_5ff58801d82ef\" css=\".vc_custom_1609928726025{margin-right: 0px !important;margin-left: 0px !important;border-top-width: 2px !important;border-right-width: 2px !important;border-bottom-width: 2px !important;border-left-width: 2px !important;border-left-color: #ebebeb !important;border-left-style: solid !important;border-right-color: #ebebeb !important;border-right-style: solid !important;border-top-color: #ebebeb !important;border-top-style: solid !important;border-bottom-color: #ebebeb !important;border-bottom-style: solid !important;}\" _et_uniqid=\"et_custom_uniqid_new_5ff5900dd108b\"][vc_column_inner css=\".vc_custom_1609928886338{padding-top: 30px !important;padding-right: 30px !important;padding-bottom: 5px !important;padding-left: 30px !important;}\"]\n\t\t<div class=\"no-uppercase title-173 title \">\n\t\t\t<h2 style=\"color: #111111;text-align: center\" class=\"vc_custom_heading vc_do_custom_heading banner-title\" >Czym si\u0119 zajmujemy?<\/h2><p style=\"color: #888888;text-align: center\" class=\"vc_custom_heading vc_do_custom_heading banner-subtitle\" >GameStore.net to firma zajmuj\u0105ca si\u0119 sprzeda\u017c\u0105 gier cyfrowych. Nasza firma, kt\u00f3ra koncentruje si\u0119 szczeg\u00f3lnie na grach konsolowych, dostarcza gry za po\u015brednictwem poczty elektronicznej. <\/p>\n\t\t<\/div>\n\n\t\t[\/vc_column_inner][\/vc_row_inner][\/vc_column][vc_column css_animation=\"fadeIn\" width=\"1\/3\u2033 et_uniqid=\"et_custom_uniqid_600076aec21f7\u2033 _et_uniqid=\"et_custom_uniqid_new_600076aed81cf\"][vc_single_image image=\"5545\u2033 img_size=\"full\" alignment=\"center\" css=\".vc_custom_1749391770383{margin-bottom: 0px !important;}\"][vc_row_inner et_uniqid=\"et_custom_uniqid_5ff58801d82ef\" css=\".vc_custom_1609928726025{margin-right: 0px !important;margin-left: 0px !important;border-top-width: 2px !important;border-right-width: 2px !important;border-bottom-width: 2px !important;border-left-width: 2px !important;border-left-color: #ebebeb !important;border-left-style: solid !important;border-right-color: #ebebeb !important;border-right-style: solid !important;border-top-color: #ebebeb !important;border-top-style: solid !important;border-bottom-color: #ebebeb !important;border-bottom-style: solid !important;}\" _et_uniqid=\"et_custom_uniqid_new_5ff5900dd108b\"][vc_column_inner css=\".vc_custom_1609928886338{padding-top: 30px !important;padding-right: 30px !important;padding-bottom: 5px !important;padding-left: 30px !important;}\"]\n\t\t<div class=\"no-uppercase title-387 title \">\n\t\t\t<h2 style=\"color: #111111;text-align: center\" class=\"vc_custom_heading vc_do_custom_heading banner-title\" >Misja i wizja<\/h2><p style=\"color: #888888;text-align: center\" class=\"vc_custom_heading vc_do_custom_heading banner-subtitle\" >GameStore.net \u015bwiadczy us\u0142ugi na ca\u0142ym \u015bwiecie, oferuj\u0105c najlepsze gry wszystkim mi\u0142o\u015bnikom gier w najbardziej przyst\u0119pnych cenach. Naszym celem jest zapewnienie wszystkim mo\u017cliwo\u015bci grania w gry z du\u017cymi rabatami. <\/p>\n\t\t<\/div>\n\n\t\t[\/vc_column_inner][\/vc_row_inner][\/vc_column][vc_column css_animation=\"fadeInRight\" width=\"1\/3\u2033 et_uniqid=\"et_custom_uniqid_600076b42523f\" _et_uniqid=\"et_custom_uniqid_new_600076b43dcbe\"][vc_single_image image=\"5546\u2033 img_size=\"full\" alignment=\"center\" css=\".vc_custom_1749391794222{margin-bottom: 0px !important;}\"][vc_row_inner et_uniqid=\"et_custom_uniqid_5ff58801d82ef\" css=\".vc_custom_1609928726025{margin-right: 0px !important;margin-left: 0px !important;border-top-width: 2px !important;border-right-width: 2px !important;border-bottom-width: 2px !important;border-left-width: 2px !important;border-left-color: #ebebeb !important;border-left-style: solid !important;border-right-color: #ebebeb !important;border-right-style: solid !important;border-top-color: #ebebeb !important;border-top-style: solid !important;border-bottom-color: #ebebeb !important;border-bottom-style: solid !important;}\" _et_uniqid=\"et_custom_uniqid_new_5ff5900dd108b\"][vc_column_inner css=\".vc_custom_1609928886338{padding-top: 30px !important;padding-right: 30px !important;padding-bottom: 5px !important;padding-left: 30px !important;}\"]\n\t\t<div class=\"no-uppercase title-323 title \">\n\t\t\t<h2 style=\"color: #111111;text-align: center\" class=\"vc_custom_heading vc_do_custom_heading banner-title\" >Historia naszej firmy<\/h2><p style=\"color: #888888;text-align: center\" class=\"vc_custom_heading vc_do_custom_heading banner-subtitle\" >Nasza firma, za\u0142o\u017cona w 2021 roku, pocz\u0105tkowo dzia\u0142a\u0142a na forach i partnerskich rynkach. P\u00f3\u017aniej zacz\u0119li\u015bmy sprzedawa\u0107 nasze gry na wszystkich platformach w jednym miejscu za po\u015brednictwem GameStore.net. <\/p>\n\t\t<\/div>\n\n\t\t[\/vc_column_inner][\/vc_row_inner][\/vc_column][\/vc_row][vc_row background_position=\"center\" et_uniqid=\"et_custom_uniqid_5ff5b0fcad93e\" css=\".vc_custom_1610009572281{margin-right: 0px !important;margin-left: 0px !important;padding-top: 85px !important;padding-bottom: 85px !important;background-image: url(https:\/\/gamestore.net\/wp-content\/uploads\/2020\/12\/Map.png?id=241) !important;background-position: center !important;background-repeat: no-repeat !important;background-size: cover !important;}\" _et_uniqid=\"et_custom_uniqid_new_5ff6cbd6976e0\u2033 css_xs=\".vc_custom_1610009572286{padding-top: 40px !important;padding-right: 40px !important;padding-bottom: 40px !important;padding-left: 40px !important;}\"][vc_column css_animation=\"fadeInUp\" width=\"1\/5\u2033 et_uniqid=\"et_custom_uniqid_600076c9adc67\u2033 _et_uniqid=\"et_custom_uniqid_new_600076c9c4160\u2033]\n\t\t<div class=\"no-uppercase title-805 title \">\n\t\t\t<h2 style=\"color: #692878;text-align: center;font-family:Roboto;font-weight:700;font-style:normal\" class=\"vc_custom_heading vc_do_custom_heading banner-title\" >1000+<\/h2><p style=\"color: #444444;text-align: center\" class=\"vc_custom_heading vc_do_custom_heading banner-subtitle\" >Gry<\/p>\n\t\t<\/div>\n\n\t\t[\/vc_column][vc_column css_animation=\"fadeInUp\" width=\"1\/5\u2033 et_uniqid=\"et_custom_uniqid_5ff6bbc9bbf36\u2033 css=\".vc_custom_1610643154945{margin-right: 5px !important;margin-left: 5px !important;border-right-width: 1px !important;border-left-width: 1px !important;border-left-color: #ebebeb !important;border-left-style: solid !important;border-right-color: #ebebeb !important;border-right-style: solid !important;}\" _et_uniqid=\"et_custom_uniqid_new_600076cf85363\u2033]\n\t\t<div class=\"no-uppercase title-894 title \">\n\t\t\t<h2 style=\"color: #692878;text-align: center;font-family:Roboto;font-weight:700;font-style:normal\" class=\"vc_custom_heading vc_do_custom_heading banner-title\" >Ponad 50 tys.<\/h2><p style=\"color: #444444;text-align: center\" class=\"vc_custom_heading vc_do_custom_heading banner-subtitle\" >Zadowolonych klient\u00f3w<\/p>\n\t\t<\/div>\n\n\t\t[\/vc_column][vc_column css_animation=\"fadeInUp\" width=\"1\/5\u2033 et_uniqid=\"et_custom_uniqid_600076d43a14f\" _et_uniqid=\"et_custom_uniqid_new_600076d44f118\u2033]\n\t\t<div class=\"no-uppercase title-642 title \">\n\t\t\t<h2 style=\"color: #692878;text-align: center;font-family:Roboto;font-weight:700;font-style:normal\" class=\"vc_custom_heading vc_do_custom_heading banner-title\" >5+<\/h2><p style=\"color: #444444;text-align: center\" class=\"vc_custom_heading vc_do_custom_heading banner-subtitle\" >Obs\u0142ugiwane j\u0119zyki<\/p>\n\t\t<\/div>\n\n\t\t[\/vc_column][vc_column css_animation=\"fadeInUp\" width=\"1\/5\u2033 et_uniqid=\"et_custom_uniqid_5ff6bbd4b959b\" css=\".vc_custom_1610643165230{margin-right: 5px !important;margin-left: 5px !important;border-right-width: 1px !important;border-left-width: 1px !important;border-left-color: #ebebeb !important;border-left-style: solid !important;border-right-color: #ebebeb !important;border-right-style: solid !important;}\" _et_uniqid=\"et_custom_uniqid_new_600076d9268d4\u2033]\n\t\t<div class=\"no-uppercase title-221 title \">\n\t\t\t<h2 style=\"color: #692878;text-align: center;font-family:Roboto;font-weight:700;font-style:normal\" class=\"vc_custom_heading vc_do_custom_heading banner-title\" >80%<\/h2><p style=\"color: #444444;text-align: center\" class=\"vc_custom_heading vc_do_custom_heading banner-subtitle\" >Rabaty<\/p>\n\t\t<\/div>\n\n\t\t[\/vc_column][vc_column css_animation=\"fadeInUp\" width=\"1\/5\u2033 et_uniqid=\"et_custom_uniqid_600076debc844\u2033 _et_uniqid=\"et_custom_uniqid_new_600076ded2b57\u2033]\n\t\t<div class=\"no-uppercase title-372 title \">\n\t\t\t<h2 style=\"color: #692878;text-align: center;font-family:Roboto;font-weight:700;font-style:normal\" class=\"vc_custom_heading vc_do_custom_heading banner-title\" >50+<\/h2><p style=\"color: #444444;text-align: center\" class=\"vc_custom_heading vc_do_custom_heading banner-subtitle\" >Obs\u0142ugiwane kraje<\/p>\n\t\t<\/div>\n\n\t\t[\/vc_column][\/vc_row]<\/p>\n<\/div>","protected":false},"excerpt":{"rendered":"<p>[vc_row full_width=\"stretch_row_content_no_spaces\" content_placement=\"middle\" css_animation=\"fadeIn\" background_position=\"center\" et_uniqid=\"et_custom_uniqid_5ff5724499759\u2033 _et_uniqid=\"et_custom_uniqid_new_6845979d2a100\u2033 css=\".vc_custom_1749391650828{background-image: url(https:\/\/gamestore.net\/wp-content\/uploads\/2025\/06\/About-us.jpg?id=5543) !important;background-position: center !important;background-repeat: no-repeat !important;background-size: cover !important;}\"][vc_column et_uniqid=\"et_custom_uniqid_5ff572c8955c2\u2033 css=\".vc_custom_1610009306392{padding-top: 165px !important;padding-bottom:&#8230;<\/p>\n","protected":false},"author":1,"featured_media":0,"parent":0,"menu_order":0,"comment_status":"closed","ping_status":"closed","template":"","meta":{"footnotes":""},"class_list":["post-20128","page","type-page","status-publish","hentry"],"yoast_head":"<!-- This site is optimized with the Yoast SEO Premium plugin v26.9 (Yoast SEO v26.9) - https:\/\/yoast.com\/product\/yoast-seo-premium-wordpress\/ -->\n<title>O nas | GameStore.Net<\/title>\n<meta name=\"robots\" content=\"index, follow, max-snippet:-1, max-image-preview:large, max-video-preview:-1\" \/>\n<link rel=\"canonical\" href=\"https:\/\/gamestore.net\/pl\/o-nas\/\" \/>\n<meta property=\"og:locale\" content=\"pl_PL\" \/>\n<meta property=\"og:type\" content=\"article\" \/>\n<meta property=\"og:title\" content=\"O nas\" \/>\n<meta property=\"og:description\" content=\"[vc_row full_width=&quot;stretch_row_content_no_spaces&quot; content_placement=&quot;middle&quot; css_animation=&quot;fadeIn&quot; background_position=&quot;center&quot; et_uniqid=&quot;et_custom_uniqid_5ff5724499759\u2033 _et_uniqid=&quot;et_custom_uniqid_new_6845979d2a100\u2033 css=&quot;.vc_custom_1749391650828{background-image: url(https:\/\/gamestore.net\/wp-content\/uploads\/2025\/06\/About-us.jpg?id=5543) !important;background-position: center !important;background-repeat: no-repeat !important;background-size: cover !important;}&quot;][vc_column et_uniqid=&quot;et_custom_uniqid_5ff572c8955c2\u2033 css=&quot;.vc_custom_1610009306392{padding-top: 165px !important;padding-bottom:...\" \/>\n<meta property=\"og:url\" content=\"https:\/\/gamestore.net\/pl\/o-nas\/\" \/>\n<meta property=\"og:site_name\" content=\"GameStore.Net\" \/>\n<meta property=\"article:modified_time\" content=\"2025-08-08T20:34:44+00:00\" \/>\n<meta name=\"twitter:card\" content=\"summary_large_image\" \/>\n<meta name=\"twitter:label1\" content=\"Szacowany czas czytania\" \/>\n\t<meta name=\"twitter:data1\" content=\"12 minuta\" \/>\n<script type=\"application\/ld+json\" class=\"yoast-schema-graph\">{\"@context\":\"https:\/\/schema.org\",\"@graph\":[{\"@type\":\"WebPage\",\"@id\":\"https:\/\/gamestore.net\/pl\/o-nas\/\",\"url\":\"https:\/\/gamestore.net\/pl\/o-nas\/\",\"name\":\"O nas | GameStore.Net\",\"isPartOf\":{\"@id\":\"https:\/\/gamestore.net\/pl\/#website\"},\"datePublished\":\"2021-01-06T08:17:39+00:00\",\"dateModified\":\"2025-08-08T20:34:44+00:00\",\"breadcrumb\":{\"@id\":\"https:\/\/gamestore.net\/pl\/o-nas\/#breadcrumb\"},\"inLanguage\":\"pl-PL\",\"potentialAction\":[{\"@type\":\"ReadAction\",\"target\":[\"https:\/\/gamestore.net\/pl\/o-nas\/\"]}]},{\"@type\":\"BreadcrumbList\",\"@id\":\"https:\/\/gamestore.net\/pl\/o-nas\/#breadcrumb\",\"itemListElement\":[{\"@type\":\"ListItem\",\"position\":1,\"name\":\"Strona g\u0142\u00f3wna\",\"item\":\"https:\/\/gamestore.net\/pl\/\"},{\"@type\":\"ListItem\",\"position\":2,\"name\":\"O nas\"}]},{\"@type\":\"WebSite\",\"@id\":\"https:\/\/gamestore.net\/pl\/#website\",\"url\":\"https:\/\/gamestore.net\/pl\/\",\"name\":\"GameStore.Net\",\"description\":\"\",\"publisher\":{\"@id\":\"https:\/\/gamestore.net\/pl\/#organization\"},\"potentialAction\":[{\"@type\":\"SearchAction\",\"target\":{\"@type\":\"EntryPoint\",\"urlTemplate\":\"https:\/\/gamestore.net\/pl\/?s={search_term_string}\"},\"query-input\":{\"@type\":\"PropertyValueSpecification\",\"valueRequired\":true,\"valueName\":\"search_term_string\"}}],\"inLanguage\":\"pl-PL\"},{\"@type\":\"Organization\",\"@id\":\"https:\/\/gamestore.net\/pl\/#organization\",\"name\":\"Sklep z grami\",\"url\":\"https:\/\/gamestore.net\/pl\/\",\"logo\":{\"@type\":\"ImageObject\",\"inLanguage\":\"pl-PL\",\"@id\":\"https:\/\/gamestore.net\/pl\/#\/schema\/logo\/image\/\",\"url\":\"https:\/\/gamestore.net\/wp-content\/uploads\/2022\/11\/GameStore.Net-Logo.png\",\"contentUrl\":\"https:\/\/gamestore.net\/wp-content\/uploads\/2022\/11\/GameStore.Net-Logo.png\",\"width\":310,\"height\":105,\"caption\":\"Sklep z grami\"},\"image\":{\"@id\":\"https:\/\/gamestore.net\/pl\/#\/schema\/logo\/image\/\"}}]}<\/script>\n<!-- \/ Yoast SEO Premium plugin. -->","yoast_head_json":{"title":"O nas | GameStore.Net","robots":{"index":"index","follow":"follow","max-snippet":"max-snippet:-1","max-image-preview":"max-image-preview:large","max-video-preview":"max-video-preview:-1"},"canonical":"https:\/\/gamestore.net\/pl\/o-nas\/","og_locale":"pl_PL","og_type":"article","og_title":"O nas","og_description":"[vc_row full_width=\"stretch_row_content_no_spaces\" content_placement=\"middle\" css_animation=\"fadeIn\" background_position=\"center\" et_uniqid=\"et_custom_uniqid_5ff5724499759\u2033 _et_uniqid=\"et_custom_uniqid_new_6845979d2a100\u2033 css=\".vc_custom_1749391650828{background-image: url(https:\/\/gamestore.net\/wp-content\/uploads\/2025\/06\/About-us.jpg?id=5543) !important;background-position: center !important;background-repeat: no-repeat !important;background-size: cover !important;}\"][vc_column et_uniqid=\"et_custom_uniqid_5ff572c8955c2\u2033 css=\".vc_custom_1610009306392{padding-top: 165px !important;padding-bottom:...","og_url":"https:\/\/gamestore.net\/pl\/o-nas\/","og_site_name":"GameStore.Net","article_modified_time":"2025-08-08T20:34:44+00:00","twitter_card":"summary_large_image","twitter_misc":{"Szacowany czas czytania":"12 minuta"},"schema":{"@context":"https:\/\/schema.org","@graph":[{"@type":"WebPage","@id":"https:\/\/gamestore.net\/pl\/o-nas\/","url":"https:\/\/gamestore.net\/pl\/o-nas\/","name":"O nas | GameStore.Net","isPartOf":{"@id":"https:\/\/gamestore.net\/pl\/#website"},"datePublished":"2021-01-06T08:17:39+00:00","dateModified":"2025-08-08T20:34:44+00:00","breadcrumb":{"@id":"https:\/\/gamestore.net\/pl\/o-nas\/#breadcrumb"},"inLanguage":"pl-PL","potentialAction":[{"@type":"ReadAction","target":["https:\/\/gamestore.net\/pl\/o-nas\/"]}]},{"@type":"BreadcrumbList","@id":"https:\/\/gamestore.net\/pl\/o-nas\/#breadcrumb","itemListElement":[{"@type":"ListItem","position":1,"name":"Strona g\u0142\u00f3wna","item":"https:\/\/gamestore.net\/pl\/"},{"@type":"ListItem","position":2,"name":"O nas"}]},{"@type":"WebSite","@id":"https:\/\/gamestore.net\/pl\/#website","url":"https:\/\/gamestore.net\/pl\/","name":"GameStore.Net","description":"","publisher":{"@id":"https:\/\/gamestore.net\/pl\/#organization"},"potentialAction":[{"@type":"SearchAction","target":{"@type":"EntryPoint","urlTemplate":"https:\/\/gamestore.net\/pl\/?s={search_term_string}"},"query-input":{"@type":"PropertyValueSpecification","valueRequired":true,"valueName":"search_term_string"}}],"inLanguage":"pl-PL"},{"@type":"Organization","@id":"https:\/\/gamestore.net\/pl\/#organization","name":"Sklep z grami","url":"https:\/\/gamestore.net\/pl\/","logo":{"@type":"ImageObject","inLanguage":"pl-PL","@id":"https:\/\/gamestore.net\/pl\/#\/schema\/logo\/image\/","url":"https:\/\/gamestore.net\/wp-content\/uploads\/2022\/11\/GameStore.Net-Logo.png","contentUrl":"https:\/\/gamestore.net\/wp-content\/uploads\/2022\/11\/GameStore.Net-Logo.png","width":310,"height":105,"caption":"Sklep z grami"},"image":{"@id":"https:\/\/gamestore.net\/pl\/#\/schema\/logo\/image\/"}}]}},"_links":{"self":[{"href":"https:\/\/gamestore.net\/pl\/wp-json\/wp\/v2\/pages\/20128","targetHints":{"allow":["GET"]}}],"collection":[{"href":"https:\/\/gamestore.net\/pl\/wp-json\/wp\/v2\/pages"}],"about":[{"href":"https:\/\/gamestore.net\/pl\/wp-json\/wp\/v2\/types\/page"}],"author":[{"embeddable":true,"href":"https:\/\/gamestore.net\/pl\/wp-json\/wp\/v2\/users\/1"}],"replies":[{"embeddable":true,"href":"https:\/\/gamestore.net\/pl\/wp-json\/wp\/v2\/comments?post=20128"}],"version-history":[{"count":6,"href":"https:\/\/gamestore.net\/pl\/wp-json\/wp\/v2\/pages\/20128\/revisions"}],"predecessor-version":[{"id":20226,"href":"https:\/\/gamestore.net\/pl\/wp-json\/wp\/v2\/pages\/20128\/revisions\/20226"}],"wp:attachment":[{"href":"https:\/\/gamestore.net\/pl\/wp-json\/wp\/v2\/media?parent=20128"}],"curies":[{"name":"wp","href":"https:\/\/api.w.org\/{rel}","templated":true}]}}